{"id":2,"date":"2024-01-07T19:51:43","date_gmt":"2024-01-07T22:51:43","guid":{"rendered":"http:\/\/lucasm.cl\/?page_id=2"},"modified":"2024-01-09T23:13:52","modified_gmt":"2024-01-10T02:13:52","slug":"pagina-exemplo","status":"publish","type":"page","link":"https:\/\/lucasm.cl\/?page_id=2","title":{"rendered":"Sobre"},"content":{"rendered":"\n<p>Este \u00e9 um site simples e est\u00e1tico, por isso n\u00e3o permite coment\u00e1rios diretos sobre os artigos (ele tamb\u00e9m n\u00e3o cont\u00e9m m\u00eddia social, an\u00fancios, cookies de rastreamento ou aditivos artificiais).<\/p>\n\n\n\n<p>Se quiser entrar em contato comigo com coment\u00e1rios ou perguntas, envie-me um e-mail para contato@lucasm.cl <\/p>\n\n\n\n<p>Terei o prazer de publicar coment\u00e1rios interessantes neste blog \u00e0 medida que eles surgirem.<\/p>\n\n\n\n<p><\/p>\n","protected":false},"excerpt":{"rendered":"<p>Este \u00e9 um site simples e est\u00e1tico, por isso n\u00e3o permite coment\u00e1rios diretos sobre os artigos (ele tamb\u00e9m n\u00e3o cont\u00e9m m\u00eddia social, an\u00fancios, cookies de rastreamento ou aditivos artificiais). Se quiser entrar em contato comigo com coment\u00e1rios ou perguntas, envie-me um e-mail para contato@lucasm.cl Terei o prazer de publicar coment\u00e1rios interessantes neste blog \u00e0 medida [&hellip;]<\/p>\n","protected":false},"author":1,"featured_media":0,"parent":0,"menu_order":0,"comment_status":"closed","ping_status":"open","template":"","meta":{"footnotes":""},"_links":{"self":[{"href":"https:\/\/lucasm.cl\/index.php?rest_route=\/wp\/v2\/pages\/2"}],"collection":[{"href":"https:\/\/lucasm.cl\/index.php?rest_route=\/wp\/v2\/pages"}],"about":[{"href":"https:\/\/lucasm.cl\/index.php?rest_route=\/wp\/v2\/types\/page"}],"author":[{"embeddable":true,"href":"https:\/\/lucasm.cl\/index.php?rest_route=\/wp\/v2\/users\/1"}],"replies":[{"embeddable":true,"href":"https:\/\/lucasm.cl\/index.php?rest_route=%2Fwp%2Fv2%2Fcomments&post=2"}],"version-history":[{"count":1,"href":"https:\/\/lucasm.cl\/index.php?rest_route=\/wp\/v2\/pages\/2\/revisions"}],"predecessor-version":[{"id":150,"href":"https:\/\/lucasm.cl\/index.php?rest_route=\/wp\/v2\/pages\/2\/revisions\/150"}],"wp:attachment":[{"href":"https:\/\/lucasm.cl\/index.php?rest_route=%2Fwp%2Fv2%2Fmedia&parent=2"}],"curies":[{"name":"wp","href":"https:\/\/api.w.org\/{rel}","templated":true}]}}